{"id":964,"date":"2018-06-06T13:58:57","date_gmt":"2018-06-06T13:58:57","guid":{"rendered":"http:\/\/blaivybesmokykla.lt\/?page_id=964"},"modified":"2023-01-02T15:26:29","modified_gmt":"2023-01-02T15:26:29","slug":"apie-mane","status":"publish","type":"page","link":"https:\/\/blaivybesmokykla.lt\/index.php\/apie-mane\/","title":{"rendered":"Apie mane"},"content":{"rendered":"<p><img loading=\"lazy\" decoding=\"async\" class=\"alignright wp-image-966 size-full\" src=\"\/\/blaivybesmokykla.lt\/wp-content\/uploads\/2018\/06\/Jevgenij-Fedotov-e1528293286893.jpg\" alt=\"Jevgenij Fedotov\" width=\"400\" height=\"711\" srcset=\"https:\/\/blaivybesmokykla.lt\/wp-content\/uploads\/2018\/06\/Jevgenij-Fedotov-e1528293286893.jpg 400w, https:\/\/blaivybesmokykla.lt\/wp-content\/uploads\/2018\/06\/Jevgenij-Fedotov-e1528293286893-169x300.jpg 169w, https:\/\/blaivybesmokykla.lt\/wp-content\/uploads\/2018\/06\/Jevgenij-Fedotov-e1528293286893-56x100.jpg 56w\" sizes=\"auto, (max-width: 400px) 100vw, 400px\" \/>A\u0161 esu Jevgenij Fedotov,<br \/>Blaivyb\u0117s mokytojas, priklausomyb\u0117s konsultantas ir Smurto artimoje aplinkoje intervencin\u0117s programos vedantysis.<br \/>Projekt\u0173:<br \/><a href=\"\/\/blaivyb\u0117smokykla.lt\">blaivybesmokykla.lt<\/a> \u012fkur\u0117jas,<br \/><strong>sodoexpertai.lt<\/strong> bendra\u012fk\u016br\u0117jas.<\/p>\n<p>Mylimos \u017emonos vyras ir dviej\u0173 gra\u017ei\u0173 s\u016bn\u0173 t\u0117vas.<\/p>\n<p>Mano giliu \u012fsitikinimu, visu pirma blaivyb\u0117s mokytojas pats privalo b\u016bti visi\u0161kai blaivus, visi\u0161kai laisvas nuo bet kuri\u0173 narkotik\u0173 ir psichotropini\u0173 med\u017eiag\u0173. Ir visi\u0161kai nesvarbu, ar <a href=\"\/\/blaivybesmokykla.lt\/index.php\/ar-sampanas-yra-legalus-narkotikas\">nuo legali\u0173, ar nelegali\u0173<\/a>. Paklauskite narkologo, psichologo, ar psichiatro, ar jis pats vartoja, nors ir tik per \u0161ventes, nors ir tik \u0161ampan\u0105. Jeigu taip, tai kaip jis gal\u0117s pad\u0117ti, kai pats yra priklausomas?<\/p>\n<p>Savo jaunyst\u0117je, a\u0161 pats vartodavau alkohol\u012f ir daug r\u016bkydavau. Darydavau t\u0105 da\u017enai ir smarkiai. B\u016bdavo ir gan ilg\u0173 savaitini\u0173 u\u017eg\u0117rim\u0173,\u00a0Man pavyko i\u0161blaiv\u0117ti, ta\u010diau daug mano jaunyst\u0117s draug\u0173 d\u0117l alkoholio ar tabako jau i\u0161keliavo anapilin, o kai kurie dabar jau ne gyvena o tiesiog egzistuoja, nes nemato savo gyvenimo be alkoholio.<\/p>\n<p>Dabar a\u0161 galiu pasidalinti su jumis savo patirtimi, \u017einiomis ir \u012f\u017evalgomis. Dabar m\u0117gaujuosi visi\u0161kai blaivaus \u017emogaus gyvenimo privalumais.<\/p>\n<p>A\u0161 turiu su kuo palyginti. Tie privalumai yra labai naudingi ir malon\u016bs. Da\u017enai pastebiu kaip man pavydi mano kolegos draugai, giminai\u010diai, arba kiti \u017emon\u0117s, kurie negali atsisakyti svaigal\u0173 vartojimo per \u0161ventes ir pob\u016bvius. Jie man pavydi nes bendrauju, linksminuosi, \u0161oku ir dainuoju \u0161vent\u0117se daugiau, linksmiau ir garsiau u\u017e tuos, kurie negali viso to daryti be svaigal\u0173, be sav\u0119s naikinimo baisiais nuodais.<\/p>\n<p>Jau ne vienas \u017emogus pri\u0117m\u0117 mano pagalbos rank\u0105 ir atsistojo \u012f visi\u0161kai blaivaus gyvenimo keli\u0105 ir dabar, t\u0105 rank\u0105 a\u0161 prat\u0119siu JUMS \u2013 paskambinkite man: +37068621078<\/p>\n\n\n<p><\/p>\n","protected":false},"excerpt":{"rendered":"<p>A\u0161 esu Jevgenij Fedotov,Blaivyb\u0117s mokytojas, priklausomyb\u0117s konsultantas ir Smurto artimoje aplinkoje intervencin\u0117s programos vedantysis.Projekt\u0173:blaivybesmokykla.lt \u012fkur\u0117jas,sodoexpertai.lt bendra\u012fk\u016br\u0117jas. Mylimos \u017emonos vyras ir dviej\u0173 gra\u017ei\u0173 s\u016bn\u0173 t\u0117vas. Mano giliu \u012fsitikinimu, visu pirma blaivyb\u0117s mokytojas pats privalo b\u016bti visi\u0161kai blaivus, visi\u0161kai laisvas nuo bet kuri\u0173 narkotik\u0173 ir psichotropini\u0173 med\u017eiag\u0173. Ir visi\u0161kai nesvarbu, ar nuo legali\u0173, ar nelegali\u0173. Paklauskite narkologo, [&hellip;]<\/p>\n","protected":false},"author":1,"featured_media":0,"parent":0,"menu_order":0,"comment_status":"closed","ping_status":"closed","template":"","meta":{"_exactmetrics_skip_tracking":false,"_exactmetrics_sitenote_active":false,"_exactmetrics_sitenote_note":"","_exactmetrics_sitenote_category":0,"footnotes":""},"class_list":["post-964","page","type-page","status-publish","hentry"],"yoast_head":"<!-- This site is optimized with the Yoast SEO plugin v27.3 - https:\/\/yoast.com\/product\/yoast-seo-wordpress\/ -->\n<title>Apie mane - Blaivybes Mokykla<\/title>\n<meta name=\"robots\" content=\"index, follow, max-snippet:-1, max-image-preview:large, max-video-preview:-1\" \/>\n<link rel=\"canonical\" href=\"https:\/\/blaivybesmokykla.lt\/index.php\/apie-mane\/\" \/>\n<meta property=\"og:locale\" content=\"lt_LT\" \/>\n<meta property=\"og:type\" content=\"article\" \/>\n<meta property=\"og:title\" content=\"Apie mane - Blaivybes Mokykla\" \/>\n<meta property=\"og:description\" content=\"A\u0161 esu Jevgenij Fedotov,Blaivyb\u0117s mokytojas, priklausomyb\u0117s konsultantas ir Smurto artimoje aplinkoje intervencin\u0117s programos vedantysis.Projekt\u0173:blaivybesmokykla.lt \u012fkur\u0117jas,sodoexpertai.lt bendra\u012fk\u016br\u0117jas. Mylimos \u017emonos vyras ir dviej\u0173 gra\u017ei\u0173 s\u016bn\u0173 t\u0117vas. Mano giliu \u012fsitikinimu, visu pirma blaivyb\u0117s mokytojas pats privalo b\u016bti visi\u0161kai blaivus, visi\u0161kai laisvas nuo bet kuri\u0173 narkotik\u0173 ir psichotropini\u0173 med\u017eiag\u0173. Ir visi\u0161kai nesvarbu, ar nuo legali\u0173, ar nelegali\u0173. Paklauskite narkologo, [&hellip;]\" \/>\n<meta property=\"og:url\" content=\"https:\/\/blaivybesmokykla.lt\/index.php\/apie-mane\/\" \/>\n<meta property=\"og:site_name\" content=\"Blaivybes Mokykla\" \/>\n<meta property=\"article:modified_time\" content=\"2023-01-02T15:26:29+00:00\" \/>\n<meta name=\"twitter:card\" content=\"summary_large_image\" \/>\n<meta name=\"twitter:label1\" content=\"Est. reading time\" \/>\n\t<meta name=\"twitter:data1\" content=\"2 minut\u0117s\" \/>\n<script type=\"application\/ld+json\" class=\"yoast-schema-graph\">{\"@context\":\"https:\\\/\\\/schema.org\",\"@graph\":[{\"@type\":\"WebPage\",\"@id\":\"https:\\\/\\\/blaivybesmokykla.lt\\\/index.php\\\/apie-mane\\\/\",\"url\":\"https:\\\/\\\/blaivybesmokykla.lt\\\/index.php\\\/apie-mane\\\/\",\"name\":\"Apie mane - Blaivybes Mokykla\",\"isPartOf\":{\"@id\":\"https:\\\/\\\/blaivybesmokykla.lt\\\/#website\"},\"datePublished\":\"2018-06-06T13:58:57+00:00\",\"dateModified\":\"2023-01-02T15:26:29+00:00\",\"breadcrumb\":{\"@id\":\"https:\\\/\\\/blaivybesmokykla.lt\\\/index.php\\\/apie-mane\\\/#breadcrumb\"},\"inLanguage\":\"lt-LT\",\"potentialAction\":[{\"@type\":\"ReadAction\",\"target\":[\"https:\\\/\\\/blaivybesmokykla.lt\\\/index.php\\\/apie-mane\\\/\"]}]},{\"@type\":\"BreadcrumbList\",\"@id\":\"https:\\\/\\\/blaivybesmokykla.lt\\\/index.php\\\/apie-mane\\\/#breadcrumb\",\"itemListElement\":[{\"@type\":\"ListItem\",\"position\":1,\"name\":\"Home\",\"item\":\"https:\\\/\\\/blaivybesmokykla.lt\\\/\"},{\"@type\":\"ListItem\",\"position\":2,\"name\":\"Apie mane\"}]},{\"@type\":\"WebSite\",\"@id\":\"https:\\\/\\\/blaivybesmokykla.lt\\\/#website\",\"url\":\"https:\\\/\\\/blaivybesmokykla.lt\\\/\",\"name\":\"Blaivybes Mokykla\",\"description\":\"Kaip lengvai mesti gerti ir r\u016bkyti - atsikratymas alkoholizmo ir r\u016bkymo\",\"potentialAction\":[{\"@type\":\"SearchAction\",\"target\":{\"@type\":\"EntryPoint\",\"urlTemplate\":\"https:\\\/\\\/blaivybesmokykla.lt\\\/?s={search_term_string}\"},\"query-input\":{\"@type\":\"PropertyValueSpecification\",\"valueRequired\":true,\"valueName\":\"search_term_string\"}}],\"inLanguage\":\"lt-LT\"}]}<\/script>\n<!-- \/ Yoast SEO plugin. -->","yoast_head_json":{"title":"Apie mane - Blaivybes Mokykla","robots":{"index":"index","follow":"follow","max-snippet":"max-snippet:-1","max-image-preview":"max-image-preview:large","max-video-preview":"max-video-preview:-1"},"canonical":"https:\/\/blaivybesmokykla.lt\/index.php\/apie-mane\/","og_locale":"lt_LT","og_type":"article","og_title":"Apie mane - Blaivybes Mokykla","og_description":"A\u0161 esu Jevgenij Fedotov,Blaivyb\u0117s mokytojas, priklausomyb\u0117s konsultantas ir Smurto artimoje aplinkoje intervencin\u0117s programos vedantysis.Projekt\u0173:blaivybesmokykla.lt \u012fkur\u0117jas,sodoexpertai.lt bendra\u012fk\u016br\u0117jas. Mylimos \u017emonos vyras ir dviej\u0173 gra\u017ei\u0173 s\u016bn\u0173 t\u0117vas. Mano giliu \u012fsitikinimu, visu pirma blaivyb\u0117s mokytojas pats privalo b\u016bti visi\u0161kai blaivus, visi\u0161kai laisvas nuo bet kuri\u0173 narkotik\u0173 ir psichotropini\u0173 med\u017eiag\u0173. Ir visi\u0161kai nesvarbu, ar nuo legali\u0173, ar nelegali\u0173. Paklauskite narkologo, [&hellip;]","og_url":"https:\/\/blaivybesmokykla.lt\/index.php\/apie-mane\/","og_site_name":"Blaivybes Mokykla","article_modified_time":"2023-01-02T15:26:29+00:00","twitter_card":"summary_large_image","twitter_misc":{"Est. reading time":"2 minut\u0117s"},"schema":{"@context":"https:\/\/schema.org","@graph":[{"@type":"WebPage","@id":"https:\/\/blaivybesmokykla.lt\/index.php\/apie-mane\/","url":"https:\/\/blaivybesmokykla.lt\/index.php\/apie-mane\/","name":"Apie mane - Blaivybes Mokykla","isPartOf":{"@id":"https:\/\/blaivybesmokykla.lt\/#website"},"datePublished":"2018-06-06T13:58:57+00:00","dateModified":"2023-01-02T15:26:29+00:00","breadcrumb":{"@id":"https:\/\/blaivybesmokykla.lt\/index.php\/apie-mane\/#breadcrumb"},"inLanguage":"lt-LT","potentialAction":[{"@type":"ReadAction","target":["https:\/\/blaivybesmokykla.lt\/index.php\/apie-mane\/"]}]},{"@type":"BreadcrumbList","@id":"https:\/\/blaivybesmokykla.lt\/index.php\/apie-mane\/#breadcrumb","itemListElement":[{"@type":"ListItem","position":1,"name":"Home","item":"https:\/\/blaivybesmokykla.lt\/"},{"@type":"ListItem","position":2,"name":"Apie mane"}]},{"@type":"WebSite","@id":"https:\/\/blaivybesmokykla.lt\/#website","url":"https:\/\/blaivybesmokykla.lt\/","name":"Blaivybes Mokykla","description":"Kaip lengvai mesti gerti ir r\u016bkyti - atsikratymas alkoholizmo ir r\u016bkymo","potentialAction":[{"@type":"SearchAction","target":{"@type":"EntryPoint","urlTemplate":"https:\/\/blaivybesmokykla.lt\/?s={search_term_string}"},"query-input":{"@type":"PropertyValueSpecification","valueRequired":true,"valueName":"search_term_string"}}],"inLanguage":"lt-LT"}]}},"_links":{"self":[{"href":"https:\/\/blaivybesmokykla.lt\/index.php\/wp-json\/wp\/v2\/pages\/964","targetHints":{"allow":["GET"]}}],"collection":[{"href":"https:\/\/blaivybesmokykla.lt\/index.php\/wp-json\/wp\/v2\/pages"}],"about":[{"href":"https:\/\/blaivybesmokykla.lt\/index.php\/wp-json\/wp\/v2\/types\/page"}],"author":[{"embeddable":true,"href":"https:\/\/blaivybesmokykla.lt\/index.php\/wp-json\/wp\/v2\/users\/1"}],"replies":[{"embeddable":true,"href":"https:\/\/blaivybesmokykla.lt\/index.php\/wp-json\/wp\/v2\/comments?post=964"}],"version-history":[{"count":15,"href":"https:\/\/blaivybesmokykla.lt\/index.php\/wp-json\/wp\/v2\/pages\/964\/revisions"}],"predecessor-version":[{"id":1562,"href":"https:\/\/blaivybesmokykla.lt\/index.php\/wp-json\/wp\/v2\/pages\/964\/revisions\/1562"}],"wp:attachment":[{"href":"https:\/\/blaivybesmokykla.lt\/index.php\/wp-json\/wp\/v2\/media?parent=964"}],"curies":[{"name":"wp","href":"https:\/\/api.w.org\/{rel}","templated":true}]}}