{"id":874,"date":"2018-05-24T17:46:23","date_gmt":"2018-05-24T17:46:23","guid":{"rendered":"http:\/\/blaivybesmokykla.lt\/?page_id=874"},"modified":"2018-05-24T17:47:04","modified_gmt":"2018-05-24T17:47:04","slug":"sutikimas","status":"publish","type":"page","link":"https:\/\/blaivybesmokykla.lt\/index.php\/sutikimas\/","title":{"rendered":""},"content":{"rendered":"<h2 class=\"headline-style-1\" style=\"text-align: center;\">J\u016bs\u0173 sutikimas u\u017eregistruotas s\u0117kmingai.<\/h2>\n","protected":false},"excerpt":{"rendered":"<p>J\u016bs\u0173 sutikimas u\u017eregistruotas s\u0117kmingai.<\/p>\n","protected":false},"author":1,"featured_media":0,"parent":0,"menu_order":0,"comment_status":"closed","ping_status":"closed","template":"","meta":{"_exactmetrics_skip_tracking":false,"_exactmetrics_sitenote_active":false,"_exactmetrics_sitenote_note":"","_exactmetrics_sitenote_category":0,"footnotes":"","tve_updated_post":"","tve_custom_css":"","tve_user_custom_css":"","tve_globals":{},"tcb2_ready":1,"tcb_editor_enabled":0,"tve_landing_page":"","_tve_header":"","_tve_footer":""},"class_list":["post-874","page","type-page","status-publish","hentry"],"yoast_head":"<!-- This site is optimized with the Yoast SEO plugin v27.5 - https:\/\/yoast.com\/product\/yoast-seo-wordpress\/ -->\n<title>- Blaivybes Mokykla<\/title>\n<meta name=\"robots\" content=\"index, follow, max-snippet:-1, max-image-preview:large, max-video-preview:-1\" \/>\n<link rel=\"canonical\" href=\"https:\/\/blaivybesmokykla.lt\/index.php\/sutikimas\/\" \/>\n<meta property=\"og:locale\" content=\"lt_LT\" \/>\n<meta property=\"og:type\" content=\"article\" \/>\n<meta property=\"og:title\" content=\"- Blaivybes Mokykla\" \/>\n<meta property=\"og:description\" content=\"J\u016bs\u0173 sutikimas u\u017eregistruotas s\u0117kmingai.\" \/>\n<meta property=\"og:url\" content=\"https:\/\/blaivybesmokykla.lt\/index.php\/sutikimas\/\" \/>\n<meta property=\"og:site_name\" content=\"Blaivybes Mokykla\" \/>\n<meta property=\"article:modified_time\" content=\"2018-05-24T17:47:04+00:00\" \/>\n<meta name=\"twitter:card\" content=\"summary_large_image\" \/>\n<script type=\"application\/ld+json\" class=\"yoast-schema-graph\">{\"@context\":\"https:\\\/\\\/schema.org\",\"@graph\":[{\"@type\":\"WebPage\",\"@id\":\"https:\\\/\\\/blaivybesmokykla.lt\\\/index.php\\\/sutikimas\\\/\",\"url\":\"https:\\\/\\\/blaivybesmokykla.lt\\\/index.php\\\/sutikimas\\\/\",\"name\":\"- Blaivybes Mokykla\",\"isPartOf\":{\"@id\":\"https:\\\/\\\/blaivybesmokykla.lt\\\/#website\"},\"datePublished\":\"2018-05-24T17:46:23+00:00\",\"dateModified\":\"2018-05-24T17:47:04+00:00\",\"inLanguage\":\"lt-LT\",\"potentialAction\":[{\"@type\":\"ReadAction\",\"target\":[\"https:\\\/\\\/blaivybesmokykla.lt\\\/index.php\\\/sutikimas\\\/\"]}]},{\"@type\":\"WebSite\",\"@id\":\"https:\\\/\\\/blaivybesmokykla.lt\\\/#website\",\"url\":\"https:\\\/\\\/blaivybesmokykla.lt\\\/\",\"name\":\"Blaivybes Mokykla\",\"description\":\"Kaip lengvai mesti gerti ir r\u016bkyti - atsikratymas alkoholizmo ir r\u016bkymo\",\"potentialAction\":[{\"@type\":\"SearchAction\",\"target\":{\"@type\":\"EntryPoint\",\"urlTemplate\":\"https:\\\/\\\/blaivybesmokykla.lt\\\/?s={search_term_string}\"},\"query-input\":{\"@type\":\"PropertyValueSpecification\",\"valueRequired\":true,\"valueName\":\"search_term_string\"}}],\"inLanguage\":\"lt-LT\"}]}<\/script>\n<!-- \/ Yoast SEO plugin. -->","yoast_head_json":{"title":"- Blaivybes Mokykla","robots":{"index":"index","follow":"follow","max-snippet":"max-snippet:-1","max-image-preview":"max-image-preview:large","max-video-preview":"max-video-preview:-1"},"canonical":"https:\/\/blaivybesmokykla.lt\/index.php\/sutikimas\/","og_locale":"lt_LT","og_type":"article","og_title":"- Blaivybes Mokykla","og_description":"J\u016bs\u0173 sutikimas u\u017eregistruotas s\u0117kmingai.","og_url":"https:\/\/blaivybesmokykla.lt\/index.php\/sutikimas\/","og_site_name":"Blaivybes Mokykla","article_modified_time":"2018-05-24T17:47:04+00:00","twitter_card":"summary_large_image","schema":{"@context":"https:\/\/schema.org","@graph":[{"@type":"WebPage","@id":"https:\/\/blaivybesmokykla.lt\/index.php\/sutikimas\/","url":"https:\/\/blaivybesmokykla.lt\/index.php\/sutikimas\/","name":"- Blaivybes Mokykla","isPartOf":{"@id":"https:\/\/blaivybesmokykla.lt\/#website"},"datePublished":"2018-05-24T17:46:23+00:00","dateModified":"2018-05-24T17:47:04+00:00","inLanguage":"lt-LT","potentialAction":[{"@type":"ReadAction","target":["https:\/\/blaivybesmokykla.lt\/index.php\/sutikimas\/"]}]},{"@type":"WebSite","@id":"https:\/\/blaivybesmokykla.lt\/#website","url":"https:\/\/blaivybesmokykla.lt\/","name":"Blaivybes Mokykla","description":"Kaip lengvai mesti gerti ir r\u016bkyti - atsikratymas alkoholizmo ir r\u016bkymo","potentialAction":[{"@type":"SearchAction","target":{"@type":"EntryPoint","urlTemplate":"https:\/\/blaivybesmokykla.lt\/?s={search_term_string}"},"query-input":{"@type":"PropertyValueSpecification","valueRequired":true,"valueName":"search_term_string"}}],"inLanguage":"lt-LT"}]}},"_links":{"self":[{"href":"https:\/\/blaivybesmokykla.lt\/index.php\/wp-json\/wp\/v2\/pages\/874","targetHints":{"allow":["GET"]}}],"collection":[{"href":"https:\/\/blaivybesmokykla.lt\/index.php\/wp-json\/wp\/v2\/pages"}],"about":[{"href":"https:\/\/blaivybesmokykla.lt\/index.php\/wp-json\/wp\/v2\/types\/page"}],"author":[{"embeddable":true,"href":"https:\/\/blaivybesmokykla.lt\/index.php\/wp-json\/wp\/v2\/users\/1"}],"replies":[{"embeddable":true,"href":"https:\/\/blaivybesmokykla.lt\/index.php\/wp-json\/wp\/v2\/comments?post=874"}],"version-history":[{"count":2,"href":"https:\/\/blaivybesmokykla.lt\/index.php\/wp-json\/wp\/v2\/pages\/874\/revisions"}],"predecessor-version":[{"id":876,"href":"https:\/\/blaivybesmokykla.lt\/index.php\/wp-json\/wp\/v2\/pages\/874\/revisions\/876"}],"wp:attachment":[{"href":"https:\/\/blaivybesmokykla.lt\/index.php\/wp-json\/wp\/v2\/media?parent=874"}],"curies":[{"name":"wp","href":"https:\/\/api.w.org\/{rel}","templated":true}]}}