{"id":859,"date":"2018-05-24T17:05:23","date_gmt":"2018-05-24T17:05:23","guid":{"rendered":"http:\/\/blaivybesmokykla.lt\/?page_id=859"},"modified":"2023-01-02T15:01:35","modified_gmt":"2023-01-02T15:01:35","slug":"privatumo-politika","status":"publish","type":"page","link":"https:\/\/blaivybesmokykla.lt\/index.php\/privatumo-politika\/","title":{"rendered":"Privatumo politika"},"content":{"rendered":"<div id=\"le_body_row_1_col_1_el_1\" class=\"element-container cf\" data-style=\"\">\n<div class=\"element\">\n<p><strong>BENDRA INFORMACIJA<\/strong><\/p>\n<p>Jevgenij Fedotov (toliau \u201eDuomenu valdytojas\u201c) \u0161ia privatumo politika nustato, kaip tvarkys j\u016bs\u0173 duomenis naudojantis m\u016bs\u0173 valdomais <a href=\"\/\/blaivybesmokykla.lt\">www.blaivybesmokykla.lt<\/a>\u00a0 interneto svetain\u0117mis (toliau \u201em\u016bs\u0173 svetain\u0117s\u201c).<\/p>\n<p>El. pa\u0161tas: jevgenij.fedotov@blaivybesmokykla.lt<\/p>\n<p>Atid\u017eiai perskaitykite privatumo politika, nes kiekviena karta, kai naudojat\u0117s m\u016bs\u0173 svetain\u0117mis sutinkate su s\u0105lygomis, kurios apra\u0161ytos \u0161ioje Privatumo politikoje. Nesinaudokite m\u016bs\u0173 turiniu arba paslaugomis, jeigu nesutinkate su s\u0105lygomis apra\u0161ytais \u0161ioje privatumo politikoje.<\/p>\n<p>Mes patvirtiname, kad rinksime lankytoj\u0173 duomenys laikantis Lietuvos respublikos ir ES teises akt\u0173 ir \u012fstatym\u0173.<\/p>\n<p>Neteikite per m\u016bs\u0173 svetain\u0117s savo asmens duomen\u0173, jeigu jums n\u0117ra 16 met\u0173. Mes vartojame s\u0105vokas, kuriuos yra apibr\u0117\u017etos Bendrajame duomen\u0173 apsaugos reglamente Nr. 2016\/679<\/p>\n<p><strong>KOKIA RENKAME INFORMACIJ\u0104?<\/strong><\/p>\n<ul>\n<li>Vardas Pavard\u0117<\/li>\n<li>Telefono numeris<\/li>\n<li>pa\u0161to adresas<\/li>\n<li>Gyvenamasis adresas<\/li>\n<li>Kaip jus naudojate m\u016bs\u0173 svetain\u0117mis<\/li>\n<li>Kai j\u016bs lankot\u0117s m\u016bs\u0173 svetain\u0117se, yra surenkama informacija, kuri leid\u017eia mums geriau suprasti, kaip veikia m\u016bs\u0173 reklama, ir kaip geriau suteikti jums paslaugas ir aktualia b\u016btent jums informacij\u0105.<\/li>\n<li>Mes gauname informacij\u0105 ir i\u0161 tre\u010di\u0173j\u0173 \u0161ali\u0173.<\/li>\n<\/ul>\n<p>Jeigu jus sutiksite, mes gal\u0117sime rinkti kit\u0105 informacij\u0105 apie j\u016bs, j\u016bs\u0173 \u012frengin\u012f ir kaip j\u0173s naudojat\u0117s m\u016bs\u0173 svetain\u0117mis.<\/p>\n<p>Jus turite teise nepateikti mums tam tikros informacijos, ta\u010diau \u0161iuo atveju, mes negal\u0117sime suteikti jums paslaugas, arba i\u0161siusti u\u017esakytas prekes.<\/p>\n<p><strong>KAIP IR KAM MES NAUDOSIME SURINKT\u0104 INFORMACIJ\u0104?<\/strong><\/p>\n<ul>\n<li>J\u016bs\u0173 registracijai, kad gal\u0117tum\u0117te u\u017esisakyti m\u016bs\u0173 paslaugas ir prekes, gauti individualius pasi\u016blymus.<\/li>\n<li>U\u017esakyt\u0173 preki\u0173 ir paslaug\u0173 apmok\u0117jimui per j\u016bs\u0173 pasirinkt\u0105 i\u0161orin\u0117 mok\u0117jimo sistem\u0105.<\/li>\n<li>Rinkodaros tikslams: naujienlai\u0161kiai, individualus pasi\u016blymai, prane\u0161imai apie akcijas, klient\u0173 analiz\u0117, j\u016bs\u0173 nuomoni\u0173 ir atsiliepimu apie m\u016bs\u0173 si\u016blomas prekes ir paslaugas rinkimas. *<\/li>\n<li>Geresniam supratimui, kaip jus naudojat\u0117s m\u016bs\u0173 svetain\u0117mis, kad mes gal\u0117tume pagerinti j\u0173 naudojimosi patogum\u0105, informatyvum\u0105 ir pagerinti turini, bei paslaugas.<\/li>\n<li>Kitais b\u016bdais, tik su j\u016bs\u0173 atskir\u0173 sutikim\u0173. *<\/li>\n<\/ul>\n<p>Jus visada, bet kuriuo metu galite nesutikti ar at\u0161aukti savo sutikim\u0105 \u017evaig\u017edute pa\u017eym\u0117tiems tikslams.<\/p>\n<p><strong>KAM GALIME ATSKLEISTI J\u016aS\u0172 INFORMACIJ\u0104?<\/strong><\/p>\n<p>Niekam kitam, i\u0161skyrus \u0161iuos atvejus:<\/p>\n<ol>\n<li>Jei turime j\u016bs\u0173 sutikim\u0105 j\u016bs\u0173 duomen\u0173 atskleidimui.<\/li>\n<li>M\u016bs\u0173 partneriams, kurie teikia pristatymo, apmok\u0117jimo ir kitas su j\u016bs\u0173 u\u017esakytomis paslaugomis ir prek\u0117mis susijusias paslaugas. Jiems bus suteikta tik tiek j\u016bs\u0173 informacijos, kad jie gal\u0117tu atlikti j\u016bs\u0173 u\u017esakym\u0105.<\/li>\n<li>Pagal LR teis\u0117s aktus \u2013 teis\u0117saugos institucijoms.<\/li>\n<\/ol>\n<p><strong>KAIP APSAUGOSIME J\u016aS\u0172 DUOMENIS?<\/strong><\/p>\n<p>J\u016bs\u0173 asmenine informacija saugome nuo praradimo, ir neleistino naudojimo. Mes \u012fdieg\u0117me specialias technines priemon\u0117s j\u016bs\u0173 informacijos apsaugai. Ta\u010diau privalome priminti, kad neegzistuoja 100% apsaugos svetain\u0117ms, internetui, belaid\u017eiam ry\u0161iui \u2013 tie dalykai neb\u016bna visi\u0161kai saugus.<\/p>\n<p><strong>KOKIAS TURITE TEISES?<\/strong><\/p>\n<ul>\n<li>\u017dinoti, kaip tvarkomi j\u016bs\u0173 duomenys (teis\u0117 \u017einoti);<\/li>\n<li>Susipa\u017einti su savo duomenimis (teis\u0117 susipa\u017einti);<\/li>\n<li>Reikalauti, kad mes i\u0161tasytume, arba papildytume j\u016bs\u0173 duomenys (teis\u0117 i\u0161taisyti);<\/li>\n<li>Sunaikinti savo duomenys, arba sustabdyti duomen\u0173 tvarkym\u0105 (teis\u0117 i\u0161taisyti);<\/li>\n<li>Jei yra teis\u0117ta prie\u017eastis, turite teise apribuoti duomen\u0173 tvarkym\u0105 (teis\u0117 apriboti);<\/li>\n<li>Teise perkelti duomenis (teise perkelti);<\/li>\n<li>Teise nesutikti, kad duomenys butu tvarkomi tiesiogin\u0117s rinkodaros tikslams.<\/li>\n<li>Atsisakyti m\u016bs\u0173 naujien\u0173 prenumeratos jus galite paspaudus tam skirt\u0105 nuoroda, kuri yra kiekviename lai\u0161ke nuo m\u016bs\u0173.<\/li>\n<\/ul>\n<p>Jei atsisakote, kad j\u016bs\u0173 duomenys butu tvarkomi tiesiogin\u0117s rinkodaros tikslais, galite para\u0161yti el. lai\u0161k\u0105 \u012f kursas@blaivybesmokykla.lt arba paskambinti telefonu +370 68621078<\/p>\n<p><strong>M\u016aS\u0172 SVETAIN\u0116SE GALI B\u016aTI KITU, TRE\u010cI\u0172J\u0172 \u0160ALI\u0172 PASLAUGOS IR PRODUKTAI:<\/strong><\/p>\n<p>Tai gali b\u016bti reklaminiai skydeliai, baneriai, nuorodos i j\u0173 svetaines, kuriu mes nekontroliuojame. Duomen\u0173 valdytojas u\u017e informacij\u0105, kuria surenka tre\u010diosios \u0161alys neatsako.<\/p>\n<p><strong>SLAPUKAI<\/strong><\/p>\n<p>Mes stengiam\u0117s, kad m\u016bs\u0173 svetain\u0117se gal\u0117tume pateikti turin\u012f ir funkcijas aktualias b\u016btent jums asmeni\u0161kai. Tam mes naudojame slapukus (juos naudoja prakti\u0161kai visos interneto svetain\u0117s). Slapukai, tai labai ma\u017ei informaciniai elementai, kurie i\u0161saugomi j\u016bs\u0173 kompiuterije ar kitame \u012frenginyje. D\u0117ka slapuk\u0173, mes atpa\u017einame, kad jus anks\u010diau jau buvote apsilank\u0119 m\u016bs\u0173 svetain\u0117se, i\u0161saugojam j\u016bs\u0173 apsilankymo istorij\u0105, pagal kuri\u0105 galime pritaikyti jums turin\u012f. Slapukai, taip pat padeda u\u017etikrinti skland\u0173 m\u016bs\u0173 svetaini\u0173 darb\u0105 ir leid\u017eia rinkti statistin\u0119 informacija.<\/p>\n<p>Jus galite valdyti ir net visi\u0161kai i\u0161trinti slapukus i\u0161 savo kompiuterio, ar kito \u012frenginio. Daugiau informacijos apie slapuku valdym\u0105 rasite \u010dia: <a href=\"\/\/www.allaboutcookies.org\/manage-cookies\/\">\/\/www.allaboutcookies.org\/manage-cookies\/<\/a>.<\/p>\n<p><strong>SUSISIEKITE SU MUMIS<\/strong><\/p>\n<p>Jei d\u0117l \u0161ios privatumo politikos jums kils klausym\u0173 \u2013 kreipkit\u0117s El. pa\u0161tu: jevgenij.fedotov@blaivybesmokykla.lt<\/p>\n<p>Atnaujinta 2023-01-02<\/p>\n<\/div>\n<\/div>\n","protected":false},"excerpt":{"rendered":"<p>BENDRA INFORMACIJA Jevgenij Fedotov (toliau \u201eDuomenu valdytojas\u201c) \u0161ia privatumo politika nustato, kaip tvarkys j\u016bs\u0173 duomenis naudojantis m\u016bs\u0173 valdomais www.blaivybesmokykla.lt\u00a0 interneto svetain\u0117mis (toliau \u201em\u016bs\u0173 svetain\u0117s\u201c). El. pa\u0161tas: jevgenij.fedotov@blaivybesmokykla.lt Atid\u017eiai perskaitykite privatumo politika, nes kiekviena karta, kai naudojat\u0117s m\u016bs\u0173 svetain\u0117mis sutinkate su s\u0105lygomis, kurios apra\u0161ytos \u0161ioje Privatumo politikoje. Nesinaudokite m\u016bs\u0173 turiniu arba paslaugomis, jeigu nesutinkate su s\u0105lygomis [&hellip;]<\/p>\n","protected":false},"author":1,"featured_media":0,"parent":0,"menu_order":0,"comment_status":"closed","ping_status":"closed","template":"","meta":{"_exactmetrics_skip_tracking":false,"_exactmetrics_sitenote_active":false,"_exactmetrics_sitenote_note":"","_exactmetrics_sitenote_category":0,"footnotes":""},"class_list":["post-859","page","type-page","status-publish","hentry"],"yoast_head":"<!-- This site is optimized with the Yoast SEO plugin v27.4 - https:\/\/yoast.com\/product\/yoast-seo-wordpress\/ -->\n<title>Privatumo politika - Blaivybes Mokykla<\/title>\n<meta name=\"robots\" content=\"index, follow, max-snippet:-1, max-image-preview:large, max-video-preview:-1\" \/>\n<link rel=\"canonical\" href=\"https:\/\/blaivybesmokykla.lt\/index.php\/privatumo-politika\/\" \/>\n<meta property=\"og:locale\" content=\"lt_LT\" \/>\n<meta property=\"og:type\" content=\"article\" \/>\n<meta property=\"og:title\" content=\"Privatumo politika - Blaivybes Mokykla\" \/>\n<meta property=\"og:description\" content=\"BENDRA INFORMACIJA Jevgenij Fedotov (toliau \u201eDuomenu valdytojas\u201c) \u0161ia privatumo politika nustato, kaip tvarkys j\u016bs\u0173 duomenis naudojantis m\u016bs\u0173 valdomais www.blaivybesmokykla.lt\u00a0 interneto svetain\u0117mis (toliau \u201em\u016bs\u0173 svetain\u0117s\u201c). El. pa\u0161tas: jevgenij.fedotov@blaivybesmokykla.lt Atid\u017eiai perskaitykite privatumo politika, nes kiekviena karta, kai naudojat\u0117s m\u016bs\u0173 svetain\u0117mis sutinkate su s\u0105lygomis, kurios apra\u0161ytos \u0161ioje Privatumo politikoje. Nesinaudokite m\u016bs\u0173 turiniu arba paslaugomis, jeigu nesutinkate su s\u0105lygomis [&hellip;]\" \/>\n<meta property=\"og:url\" content=\"https:\/\/blaivybesmokykla.lt\/index.php\/privatumo-politika\/\" \/>\n<meta property=\"og:site_name\" content=\"Blaivybes Mokykla\" \/>\n<meta property=\"article:modified_time\" content=\"2023-01-02T15:01:35+00:00\" \/>\n<meta name=\"twitter:card\" content=\"summary_large_image\" \/>\n<meta name=\"twitter:label1\" content=\"Est. reading time\" \/>\n\t<meta name=\"twitter:data1\" content=\"3 minut\u0117s\" \/>\n<script type=\"application\/ld+json\" class=\"yoast-schema-graph\">{\"@context\":\"https:\\\/\\\/schema.org\",\"@graph\":[{\"@type\":\"WebPage\",\"@id\":\"https:\\\/\\\/blaivybesmokykla.lt\\\/index.php\\\/privatumo-politika\\\/\",\"url\":\"https:\\\/\\\/blaivybesmokykla.lt\\\/index.php\\\/privatumo-politika\\\/\",\"name\":\"Privatumo politika - Blaivybes Mokykla\",\"isPartOf\":{\"@id\":\"https:\\\/\\\/blaivybesmokykla.lt\\\/#website\"},\"datePublished\":\"2018-05-24T17:05:23+00:00\",\"dateModified\":\"2023-01-02T15:01:35+00:00\",\"breadcrumb\":{\"@id\":\"https:\\\/\\\/blaivybesmokykla.lt\\\/index.php\\\/privatumo-politika\\\/#breadcrumb\"},\"inLanguage\":\"lt-LT\",\"potentialAction\":[{\"@type\":\"ReadAction\",\"target\":[\"https:\\\/\\\/blaivybesmokykla.lt\\\/index.php\\\/privatumo-politika\\\/\"]}]},{\"@type\":\"BreadcrumbList\",\"@id\":\"https:\\\/\\\/blaivybesmokykla.lt\\\/index.php\\\/privatumo-politika\\\/#breadcrumb\",\"itemListElement\":[{\"@type\":\"ListItem\",\"position\":1,\"name\":\"Home\",\"item\":\"https:\\\/\\\/blaivybesmokykla.lt\\\/\"},{\"@type\":\"ListItem\",\"position\":2,\"name\":\"Privatumo politika\"}]},{\"@type\":\"WebSite\",\"@id\":\"https:\\\/\\\/blaivybesmokykla.lt\\\/#website\",\"url\":\"https:\\\/\\\/blaivybesmokykla.lt\\\/\",\"name\":\"Blaivybes Mokykla\",\"description\":\"Kaip lengvai mesti gerti ir r\u016bkyti - atsikratymas alkoholizmo ir r\u016bkymo\",\"potentialAction\":[{\"@type\":\"SearchAction\",\"target\":{\"@type\":\"EntryPoint\",\"urlTemplate\":\"https:\\\/\\\/blaivybesmokykla.lt\\\/?s={search_term_string}\"},\"query-input\":{\"@type\":\"PropertyValueSpecification\",\"valueRequired\":true,\"valueName\":\"search_term_string\"}}],\"inLanguage\":\"lt-LT\"}]}<\/script>\n<!-- \/ Yoast SEO plugin. -->","yoast_head_json":{"title":"Privatumo politika - Blaivybes Mokykla","robots":{"index":"index","follow":"follow","max-snippet":"max-snippet:-1","max-image-preview":"max-image-preview:large","max-video-preview":"max-video-preview:-1"},"canonical":"https:\/\/blaivybesmokykla.lt\/index.php\/privatumo-politika\/","og_locale":"lt_LT","og_type":"article","og_title":"Privatumo politika - Blaivybes Mokykla","og_description":"BENDRA INFORMACIJA Jevgenij Fedotov (toliau \u201eDuomenu valdytojas\u201c) \u0161ia privatumo politika nustato, kaip tvarkys j\u016bs\u0173 duomenis naudojantis m\u016bs\u0173 valdomais www.blaivybesmokykla.lt\u00a0 interneto svetain\u0117mis (toliau \u201em\u016bs\u0173 svetain\u0117s\u201c). El. pa\u0161tas: jevgenij.fedotov@blaivybesmokykla.lt Atid\u017eiai perskaitykite privatumo politika, nes kiekviena karta, kai naudojat\u0117s m\u016bs\u0173 svetain\u0117mis sutinkate su s\u0105lygomis, kurios apra\u0161ytos \u0161ioje Privatumo politikoje. Nesinaudokite m\u016bs\u0173 turiniu arba paslaugomis, jeigu nesutinkate su s\u0105lygomis [&hellip;]","og_url":"https:\/\/blaivybesmokykla.lt\/index.php\/privatumo-politika\/","og_site_name":"Blaivybes Mokykla","article_modified_time":"2023-01-02T15:01:35+00:00","twitter_card":"summary_large_image","twitter_misc":{"Est. reading time":"3 minut\u0117s"},"schema":{"@context":"https:\/\/schema.org","@graph":[{"@type":"WebPage","@id":"https:\/\/blaivybesmokykla.lt\/index.php\/privatumo-politika\/","url":"https:\/\/blaivybesmokykla.lt\/index.php\/privatumo-politika\/","name":"Privatumo politika - Blaivybes Mokykla","isPartOf":{"@id":"https:\/\/blaivybesmokykla.lt\/#website"},"datePublished":"2018-05-24T17:05:23+00:00","dateModified":"2023-01-02T15:01:35+00:00","breadcrumb":{"@id":"https:\/\/blaivybesmokykla.lt\/index.php\/privatumo-politika\/#breadcrumb"},"inLanguage":"lt-LT","potentialAction":[{"@type":"ReadAction","target":["https:\/\/blaivybesmokykla.lt\/index.php\/privatumo-politika\/"]}]},{"@type":"BreadcrumbList","@id":"https:\/\/blaivybesmokykla.lt\/index.php\/privatumo-politika\/#breadcrumb","itemListElement":[{"@type":"ListItem","position":1,"name":"Home","item":"https:\/\/blaivybesmokykla.lt\/"},{"@type":"ListItem","position":2,"name":"Privatumo politika"}]},{"@type":"WebSite","@id":"https:\/\/blaivybesmokykla.lt\/#website","url":"https:\/\/blaivybesmokykla.lt\/","name":"Blaivybes Mokykla","description":"Kaip lengvai mesti gerti ir r\u016bkyti - atsikratymas alkoholizmo ir r\u016bkymo","potentialAction":[{"@type":"SearchAction","target":{"@type":"EntryPoint","urlTemplate":"https:\/\/blaivybesmokykla.lt\/?s={search_term_string}"},"query-input":{"@type":"PropertyValueSpecification","valueRequired":true,"valueName":"search_term_string"}}],"inLanguage":"lt-LT"}]}},"_links":{"self":[{"href":"https:\/\/blaivybesmokykla.lt\/index.php\/wp-json\/wp\/v2\/pages\/859","targetHints":{"allow":["GET"]}}],"collection":[{"href":"https:\/\/blaivybesmokykla.lt\/index.php\/wp-json\/wp\/v2\/pages"}],"about":[{"href":"https:\/\/blaivybesmokykla.lt\/index.php\/wp-json\/wp\/v2\/types\/page"}],"author":[{"embeddable":true,"href":"https:\/\/blaivybesmokykla.lt\/index.php\/wp-json\/wp\/v2\/users\/1"}],"replies":[{"embeddable":true,"href":"https:\/\/blaivybesmokykla.lt\/index.php\/wp-json\/wp\/v2\/comments?post=859"}],"version-history":[{"count":11,"href":"https:\/\/blaivybesmokykla.lt\/index.php\/wp-json\/wp\/v2\/pages\/859\/revisions"}],"predecessor-version":[{"id":1557,"href":"https:\/\/blaivybesmokykla.lt\/index.php\/wp-json\/wp\/v2\/pages\/859\/revisions\/1557"}],"wp:attachment":[{"href":"https:\/\/blaivybesmokykla.lt\/index.php\/wp-json\/wp\/v2\/media?parent=859"}],"curies":[{"name":"wp","href":"https:\/\/api.w.org\/{rel}","templated":true}]}}