{"id":505,"date":"2017-12-05T10:42:55","date_gmt":"2017-12-05T10:42:55","guid":{"rendered":"http:\/\/blaivybesmokykla.lt\/?page_id=505"},"modified":"2017-12-10T19:24:40","modified_gmt":"2017-12-10T19:24:40","slug":"kazkas-nepavyko","status":"publish","type":"page","link":"https:\/\/blaivybesmokykla.lt\/index.php\/kazkas-nepavyko\/","title":{"rendered":"Ka\u017ekas nepavyko&#8230;"},"content":{"rendered":"<p data-css=\"tve-u-160262c6307\" style=\"text-align: center;\">\n<p data-css=\"tve-u-160262c6307\" style=\"text-align: center;\">Ka\u017ekas nepavyko&#8230;<\/p>\n<p data-css=\"tve-u-160262c6307\" style=\"text-align: center;\">\n<p data-css=\"tve-u-1602642c5e6\" style=\"text-align: center;\">Si\u016blome dar vien\u0105 u\u017esakymo apmok\u0117jimo variant\u0105 &#8211; bankin\u012f pavedim\u0105:<\/p>\n<p style=\"text-align: center;\">\n<p style=\"text-align: center;\">M\u016bs\u0173 rekvizitai:<\/p>\n<p style=\"text-align: center;\">Bankas Luminor<\/p>\n<p style=\"text-align: center;\">Gav\u0117jas: UAB Aspektus<\/p>\n<ul class=\"\">\n<li style=\"text-align: center;\">&nbsp;S\u0105skaitos nr.: LT214010044400310041<\/li>\n<\/ul>\n<p style=\"text-align: center;\">\n<p style=\"text-align: center;\">&nbsp;Padarykite pavedim\u0105 ir prane\u0161kite apie tai mums el. pa\u0161tu: <strong>kursas@blaivybesmokykla.lt<\/strong><\/p>\n<p style=\"text-align: center;\">\n<p style=\"text-align: center;\">Gavus j\u016bs\u0173 pavedim\u0105 mes dienos b\u0117gyje i\u0161si\u016bsime jums kod\u0105 prisijungimui prie kurso.<\/p>\n","protected":false},"excerpt":{"rendered":"<p>Ka\u017ekas nepavyko&#8230; Si\u016blome dar vien\u0105 u\u017esakymo apmok\u0117jimo variant\u0105 &#8211; bankin\u012f pavedim\u0105: M\u016bs\u0173 rekvizitai: Bankas Luminor Gav\u0117jas: UAB Aspektus &nbsp;S\u0105skaitos nr.: LT214010044400310041 &nbsp;Padarykite pavedim\u0105 ir prane\u0161kite apie tai mums el. pa\u0161tu: kursas@blaivybesmokykla.lt Gavus j\u016bs\u0173 pavedim\u0105 mes dienos b\u0117gyje i\u0161si\u016bsime jums kod\u0105 prisijungimui prie kurso.<\/p>\n","protected":false},"author":1,"featured_media":0,"parent":0,"menu_order":0,"comment_status":"closed","ping_status":"closed","template":"","meta":{"_exactmetrics_skip_tracking":false,"_exactmetrics_sitenote_active":false,"_exactmetrics_sitenote_note":"","_exactmetrics_sitenote_category":0,"footnotes":""},"class_list":["post-505","page","type-page","status-publish","hentry"],"yoast_head":"<!-- This site is optimized with the Yoast SEO plugin v27.5 - https:\/\/yoast.com\/product\/yoast-seo-wordpress\/ -->\n<title>Ka\u017ekas nepavyko&#8230; - Blaivybes Mokykla<\/title>\n<meta name=\"robots\" content=\"index, follow, max-snippet:-1, max-image-preview:large, max-video-preview:-1\" \/>\n<link rel=\"canonical\" href=\"https:\/\/blaivybesmokykla.lt\/index.php\/kazkas-nepavyko\/\" \/>\n<meta property=\"og:locale\" content=\"lt_LT\" \/>\n<meta property=\"og:type\" content=\"article\" \/>\n<meta property=\"og:title\" content=\"Ka\u017ekas nepavyko&#8230; - Blaivybes Mokykla\" \/>\n<meta property=\"og:description\" content=\"Ka\u017ekas nepavyko&#8230; Si\u016blome dar vien\u0105 u\u017esakymo apmok\u0117jimo variant\u0105 &#8211; bankin\u012f pavedim\u0105: M\u016bs\u0173 rekvizitai: Bankas Luminor Gav\u0117jas: UAB Aspektus &nbsp;S\u0105skaitos nr.: LT214010044400310041 &nbsp;Padarykite pavedim\u0105 ir prane\u0161kite apie tai mums el. pa\u0161tu: kursas@blaivybesmokykla.lt Gavus j\u016bs\u0173 pavedim\u0105 mes dienos b\u0117gyje i\u0161si\u016bsime jums kod\u0105 prisijungimui prie kurso.\" \/>\n<meta property=\"og:url\" content=\"https:\/\/blaivybesmokykla.lt\/index.php\/kazkas-nepavyko\/\" \/>\n<meta property=\"og:site_name\" content=\"Blaivybes Mokykla\" \/>\n<meta property=\"article:modified_time\" content=\"2017-12-10T19:24:40+00:00\" \/>\n<meta name=\"twitter:card\" content=\"summary_large_image\" \/>\n<script type=\"application\/ld+json\" class=\"yoast-schema-graph\">{\"@context\":\"https:\\\/\\\/schema.org\",\"@graph\":[{\"@type\":\"WebPage\",\"@id\":\"https:\\\/\\\/blaivybesmokykla.lt\\\/index.php\\\/kazkas-nepavyko\\\/\",\"url\":\"https:\\\/\\\/blaivybesmokykla.lt\\\/index.php\\\/kazkas-nepavyko\\\/\",\"name\":\"Ka\u017ekas nepavyko&#8230; - Blaivybes Mokykla\",\"isPartOf\":{\"@id\":\"https:\\\/\\\/blaivybesmokykla.lt\\\/#website\"},\"datePublished\":\"2017-12-05T10:42:55+00:00\",\"dateModified\":\"2017-12-10T19:24:40+00:00\",\"breadcrumb\":{\"@id\":\"https:\\\/\\\/blaivybesmokykla.lt\\\/index.php\\\/kazkas-nepavyko\\\/#breadcrumb\"},\"inLanguage\":\"lt-LT\",\"potentialAction\":[{\"@type\":\"ReadAction\",\"target\":[\"https:\\\/\\\/blaivybesmokykla.lt\\\/index.php\\\/kazkas-nepavyko\\\/\"]}]},{\"@type\":\"BreadcrumbList\",\"@id\":\"https:\\\/\\\/blaivybesmokykla.lt\\\/index.php\\\/kazkas-nepavyko\\\/#breadcrumb\",\"itemListElement\":[{\"@type\":\"ListItem\",\"position\":1,\"name\":\"Home\",\"item\":\"https:\\\/\\\/blaivybesmokykla.lt\\\/\"},{\"@type\":\"ListItem\",\"position\":2,\"name\":\"Ka\u017ekas nepavyko&#8230;\"}]},{\"@type\":\"WebSite\",\"@id\":\"https:\\\/\\\/blaivybesmokykla.lt\\\/#website\",\"url\":\"https:\\\/\\\/blaivybesmokykla.lt\\\/\",\"name\":\"Blaivybes Mokykla\",\"description\":\"Kaip lengvai mesti gerti ir r\u016bkyti - atsikratymas alkoholizmo ir r\u016bkymo\",\"potentialAction\":[{\"@type\":\"SearchAction\",\"target\":{\"@type\":\"EntryPoint\",\"urlTemplate\":\"https:\\\/\\\/blaivybesmokykla.lt\\\/?s={search_term_string}\"},\"query-input\":{\"@type\":\"PropertyValueSpecification\",\"valueRequired\":true,\"valueName\":\"search_term_string\"}}],\"inLanguage\":\"lt-LT\"}]}<\/script>\n<!-- \/ Yoast SEO plugin. -->","yoast_head_json":{"title":"Ka\u017ekas nepavyko&#8230; - Blaivybes Mokykla","robots":{"index":"index","follow":"follow","max-snippet":"max-snippet:-1","max-image-preview":"max-image-preview:large","max-video-preview":"max-video-preview:-1"},"canonical":"https:\/\/blaivybesmokykla.lt\/index.php\/kazkas-nepavyko\/","og_locale":"lt_LT","og_type":"article","og_title":"Ka\u017ekas nepavyko&#8230; - Blaivybes Mokykla","og_description":"Ka\u017ekas nepavyko&#8230; Si\u016blome dar vien\u0105 u\u017esakymo apmok\u0117jimo variant\u0105 &#8211; bankin\u012f pavedim\u0105: M\u016bs\u0173 rekvizitai: Bankas Luminor Gav\u0117jas: UAB Aspektus &nbsp;S\u0105skaitos nr.: LT214010044400310041 &nbsp;Padarykite pavedim\u0105 ir prane\u0161kite apie tai mums el. pa\u0161tu: kursas@blaivybesmokykla.lt Gavus j\u016bs\u0173 pavedim\u0105 mes dienos b\u0117gyje i\u0161si\u016bsime jums kod\u0105 prisijungimui prie kurso.","og_url":"https:\/\/blaivybesmokykla.lt\/index.php\/kazkas-nepavyko\/","og_site_name":"Blaivybes Mokykla","article_modified_time":"2017-12-10T19:24:40+00:00","twitter_card":"summary_large_image","schema":{"@context":"https:\/\/schema.org","@graph":[{"@type":"WebPage","@id":"https:\/\/blaivybesmokykla.lt\/index.php\/kazkas-nepavyko\/","url":"https:\/\/blaivybesmokykla.lt\/index.php\/kazkas-nepavyko\/","name":"Ka\u017ekas nepavyko&#8230; - Blaivybes Mokykla","isPartOf":{"@id":"https:\/\/blaivybesmokykla.lt\/#website"},"datePublished":"2017-12-05T10:42:55+00:00","dateModified":"2017-12-10T19:24:40+00:00","breadcrumb":{"@id":"https:\/\/blaivybesmokykla.lt\/index.php\/kazkas-nepavyko\/#breadcrumb"},"inLanguage":"lt-LT","potentialAction":[{"@type":"ReadAction","target":["https:\/\/blaivybesmokykla.lt\/index.php\/kazkas-nepavyko\/"]}]},{"@type":"BreadcrumbList","@id":"https:\/\/blaivybesmokykla.lt\/index.php\/kazkas-nepavyko\/#breadcrumb","itemListElement":[{"@type":"ListItem","position":1,"name":"Home","item":"https:\/\/blaivybesmokykla.lt\/"},{"@type":"ListItem","position":2,"name":"Ka\u017ekas nepavyko&#8230;"}]},{"@type":"WebSite","@id":"https:\/\/blaivybesmokykla.lt\/#website","url":"https:\/\/blaivybesmokykla.lt\/","name":"Blaivybes Mokykla","description":"Kaip lengvai mesti gerti ir r\u016bkyti - atsikratymas alkoholizmo ir r\u016bkymo","potentialAction":[{"@type":"SearchAction","target":{"@type":"EntryPoint","urlTemplate":"https:\/\/blaivybesmokykla.lt\/?s={search_term_string}"},"query-input":{"@type":"PropertyValueSpecification","valueRequired":true,"valueName":"search_term_string"}}],"inLanguage":"lt-LT"}]}},"_links":{"self":[{"href":"https:\/\/blaivybesmokykla.lt\/index.php\/wp-json\/wp\/v2\/pages\/505","targetHints":{"allow":["GET"]}}],"collection":[{"href":"https:\/\/blaivybesmokykla.lt\/index.php\/wp-json\/wp\/v2\/pages"}],"about":[{"href":"https:\/\/blaivybesmokykla.lt\/index.php\/wp-json\/wp\/v2\/types\/page"}],"author":[{"embeddable":true,"href":"https:\/\/blaivybesmokykla.lt\/index.php\/wp-json\/wp\/v2\/users\/1"}],"replies":[{"embeddable":true,"href":"https:\/\/blaivybesmokykla.lt\/index.php\/wp-json\/wp\/v2\/comments?post=505"}],"version-history":[{"count":4,"href":"https:\/\/blaivybesmokykla.lt\/index.php\/wp-json\/wp\/v2\/pages\/505\/revisions"}],"predecessor-version":[{"id":533,"href":"https:\/\/blaivybesmokykla.lt\/index.php\/wp-json\/wp\/v2\/pages\/505\/revisions\/533"}],"wp:attachment":[{"href":"https:\/\/blaivybesmokykla.lt\/index.php\/wp-json\/wp\/v2\/media?parent=505"}],"curies":[{"name":"wp","href":"https:\/\/api.w.org\/{rel}","templated":true}]}}