{"id":1523,"date":"2021-12-10T08:51:30","date_gmt":"2021-12-10T08:51:30","guid":{"rendered":"http:\/\/blaivybesmokykla.lt\/?page_id=1523"},"modified":"2021-12-10T08:51:30","modified_gmt":"2021-12-10T08:51:30","slug":"baisus-paveikslelis-ant-butelio-kodel-ne","status":"publish","type":"page","link":"https:\/\/blaivybesmokykla.lt\/index.php\/baisus-paveikslelis-ant-butelio-kodel-ne\/","title":{"rendered":"Baisus paveiksl\u0117lis ant butelio &#8211; kod\u0117l ne?"},"content":{"rendered":"\n<h2 class=\"wp-block-heading\">Visu pirma, gal reik\u0117t\u0173 aptarti &#8211; kod\u0117l taip?<\/h2>\n\n\n\n<p>Ir \u010dia per daug stengtis ir i\u0161galvoti nieko nereikia. Pa\u017evelkime \u012f analogij\u0105 &#8211; cigare\u010di\u0173 pakel\u012f. Niekas nebando paneigti baisi\u0173 paveiksl\u0117li\u0173 b\u016btinum\u0105 ant tabako produkt\u0173. Visi supranta, kad valstyb\u0117 privalo ispeti r\u016bkalius apie baisias pasekmes.&nbsp;<\/p>\n\n\n\n<figure class=\"wp-block-image size-large\"><img loading=\"lazy\" decoding=\"async\" width=\"1024\" height=\"683\" src=\"https:\/\/blaivybesmokykla.lt\/wp-content\/uploads\/2021\/12\/Paveikslelis-ant-pakelio-1024x683.jpg\" alt=\"R\u016bkymas \u017eudo\" class=\"wp-image-1524\" srcset=\"https:\/\/blaivybesmokykla.lt\/wp-content\/uploads\/2021\/12\/Paveikslelis-ant-pakelio-1024x683.jpg 1024w, https:\/\/blaivybesmokykla.lt\/wp-content\/uploads\/2021\/12\/Paveikslelis-ant-pakelio-300x200.jpg 300w, https:\/\/blaivybesmokykla.lt\/wp-content\/uploads\/2021\/12\/Paveikslelis-ant-pakelio-150x100.jpg 150w, https:\/\/blaivybesmokykla.lt\/wp-content\/uploads\/2021\/12\/Paveikslelis-ant-pakelio-768x512.jpg 768w, https:\/\/blaivybesmokykla.lt\/wp-content\/uploads\/2021\/12\/Paveikslelis-ant-pakelio-65x43.jpg 65w, https:\/\/blaivybesmokykla.lt\/wp-content\/uploads\/2021\/12\/Paveikslelis-ant-pakelio-220x147.jpg 220w, https:\/\/blaivybesmokykla.lt\/wp-content\/uploads\/2021\/12\/Paveikslelis-ant-pakelio-358x239.jpg 358w, https:\/\/blaivybesmokykla.lt\/wp-content\/uploads\/2021\/12\/Paveikslelis-ant-pakelio-600x400.jpg 600w, https:\/\/blaivybesmokykla.lt\/wp-content\/uploads\/2021\/12\/Paveikslelis-ant-pakelio-675x450.jpg 675w, https:\/\/blaivybesmokykla.lt\/wp-content\/uploads\/2021\/12\/Paveikslelis-ant-pakelio-765x510.jpg 765w, https:\/\/blaivybesmokykla.lt\/wp-content\/uploads\/2021\/12\/Paveikslelis-ant-pakelio-100x67.jpg 100w, https:\/\/blaivybesmokykla.lt\/wp-content\/uploads\/2021\/12\/Paveikslelis-ant-pakelio.jpg 1440w\" sizes=\"auto, (max-width: 1024px) 100vw, 1024px\" \/><figcaption>Nuotraukos \u0161altinis: https:\/\/www.lrytas.lt\/<\/figcaption><\/figure>\n\n\n\n<p>Ant kiek tie paveiksl\u0117liai b\u016bna veiksmingi &#8211; \u010dia antras klausymas.&nbsp;<\/p>\n\n\n\n<p>Kai paklausiu r\u016bkaliaus apie t\u0105 vaizd\u0105, da\u017eniausiai pasako, kad nekreipia d\u0117mesio ir \u0161iuo metu ne\u017eino, neprisimena kas b\u016btent dabar yra pavaizduota b\u016btent jo pakelyje, kuris randasi jo ki\u0161en\u0117je, arba jos rankin\u0117je. Tiesiog negalvoja apie tai.<\/p>\n\n\n\n<p>Tod\u0117l, manau kad ta piremon\u0117 daugiau tinka tiems, kas dar neprad\u0117jo r\u016bkyti (gal vaikams ir papaugliams), arba tiems, kas to kvailiausio \u012fpro\u010dio jau atsikrat\u0117, arba bando atsikratyti \u0161iuo metu.<\/p>\n\n\n\n<p>Ir kiek tik klausin\u0117jau ir r\u016bkan\u010dius ir ner\u016bkan\u010dius, \u201cGal t\u0173 baisi\u0173 vaizd\u0173 ant tabako gamini\u0173 nereikia, gal vert\u0117tu panaikinti?\u201d &#8211; tai visi atsako &#8211; \u201cNe, tegu b\u016bna. Pakenkti nepakenks, bet kam nors gal pad\u0117s, arba neprad\u0117ti, arba atsisakyti.\u201d<\/p>\n\n\n\n<p>Tai gi \u201ckod\u0117l taip\u201d su tabaku viskas kaip ir ai\u0161ku.<\/p>\n\n\n\n<p>O \u201ckod\u0117l taip\u201d ant butelio, kuriame yra etanolis &#8211; ant degtin\u0117s, d\u017eino, brend\u017eio, konjako, tekilos, vyno, alaus, \u0161ampano ir t.t? Ar valstyb\u0117 privalo lygiai taip pat, kaip ir su tabaku \u012fsp\u0117ti savo pilie\u010dius apie galimas baisias pasekmes?&nbsp;<\/p>\n\n\n\n<p>O gal rizikos d\u0117l etanolio vartojimo yra ma\u017eesn\u0117s, nei d\u0117l r\u016bkymo?<\/p>\n\n\n\n<p>Tiesa yra ta, kad r\u016bkymas yra kvailas ir baisus u\u017esi\u0117mimas. Kod\u0117l kvailas, skaitykite \u010dia. Kod\u0117l baisus, pa\u017evelkite tiesiog dabar \u012f savo pakel\u012f.<\/p>\n\n\n\n<p>Etanolio vartojimas yra keliskart baisesnis. Nes d\u0117l tabako r\u016bkymo j\u016bs\u0173 neatleis i\u0161 darbo, i\u0161 j\u016bs\u0173 neatims vaikus, jus neprarasite savo viso turto, i\u0161 j\u016bs\u0173 neatims vairuotojo pa\u017eym\u0117jim\u0105, nepateksite neblaivus \u012f avarij\u0105 ir nieko joje ne nu\u017eudysite, j\u016bs\u0173 nepaliks gyvenimo partneris(\u0117), jus nemesite mokslus, nepadarysite kvailo nusikaltimo, jums \u201cnei\u0161d\u017eius\u201d smegenys, neprarasite kit\u0173 \u017emoni\u0173 pagarbos, jus ne&#8230; .<\/p>\n\n\n\n<p>Tabakas \u017eudo tyliai, nepastebimai, kartais visi\u0161kai neskausmingai (plau\u010diai neskauda), bet \u017eudo.\u00a0<\/p>\n\n\n\n<p>Etanolis \u017eudo \u017eiauriai, visada labai skaud\u017eiai palie\u010diant kitus, \u0161alia gyvenan\u010dius \u017emones.<\/p>\n\n\n\n<p>Taigi yra visi\u0161kai logi\u0161ka, kod\u0117l bais\u016bs paveiksl\u0117liai atsirado ant tabako gamini\u0173, ta\u010diau apie pana\u0161i\u0105 informacija etanolio turin\u010diose produktuose niekas net neu\u017esimena ir net nepagalvoja.<\/p>\n\n\n\n<h2 class=\"wp-block-heading\">Ir \u010dia mes pri\u0117jome prie klausimo \u201ckod\u0117l gi ne?\u201d.<\/h2>\n\n\n\n<p>NE &#8211; \u010dia jums ne cigare\u010di\u0173 pakelis, kuris guli sau ramiai ir nepastebimai ki\u0161en\u0117je arba rankin\u0117je, kur galima i\u0161traukti cigarete ir netgi nepasteb\u0117ti baisaus paveiksl\u0117lio.<\/p>\n\n\n\n<p>NE &#8211; nes etanolio gaminiai visada pastatomi \u0161ventinio stalo centre.\u00a0<\/p>\n\n\n\n<p><br>\u0160tai jums anekdotas:\u00a0<\/p>\n\n\n\n<p><em>Prie prekybos kiosko \u017emogus pra\u0161o pardav\u0117jos:<\/em><\/p>\n\n\n\n<ul class=\"wp-block-list\"><li><em>Paduokite man pra\u0161au buteliuk\u0105 odekolono.<\/em><\/li><\/ul>\n\n\n\n<p>Pardav\u0117ja duoda, jis atsiskaito, bet ap\u017ei\u016br\u0117jus prek\u0119 i\u0161 karto pra\u0161o:<\/p>\n\n\n\n<ul class=\"wp-block-list\"><li><em>Ar gal\u0117tum\u0117t pakeisti butel\u012f, nes \u0161iame supl\u0117\u0161yta etiket\u0117?<\/em><\/li><li><em>Koks tau skirtumas?! &#8211; bando atr\u0117\u017eti pardav\u0117ja.<\/em><\/li><li><em>Jums gal ir n\u0117ra skirtumo, o man t\u0105 butel\u012f ant stalo statyti.<\/em><\/li><\/ul>\n\n\n\n<p>Viena i\u0161 prie\u017eas\u010di\u0173 kod\u0117l NE yra ta, kad jeigu valdantieji nuspr\u0119st\u0173 vis d\u0117l to sugadinti vaizd\u0105 ant \u0161ventini\u0173 stal\u0173, tai \u012fvykt\u0173 visu pirma ir j\u0173 namuose.<\/p>\n\n\n\n<p>\u0160tai jums dar kelios prie\u017eastys:<\/p>\n\n\n\n<p>Kaip pilti \u0161ampan\u0105 jaunaved\u017eiams i\u0161kart susituokus, i\u0161 butelio kuriame bus vaizdas su verkian\u010diais vaikais traukian\u010dias rankytes su u\u017era\u0161u: \u201cMama, paimk mane namo\u201d, arba kuriame bus pavaizduotas vaikas su baisia negalia d\u0117l alkoholinio sindromo?&nbsp;<\/p>\n\n\n\n<p>Kaip pilti savo vaikui i\u0161 butelio su \u0161iuo baisiu vaizdu u\u017e mokyklos i\u0161leistuvi\u0173 stalo?<\/p>\n\n\n\n<figure class=\"wp-block-image size-large\"><img loading=\"lazy\" decoding=\"async\" width=\"562\" height=\"332\" src=\"https:\/\/blaivybesmokykla.lt\/wp-content\/uploads\/2021\/12\/Moterys-nusigeria.jpg\" alt=\"\" class=\"wp-image-1525\" srcset=\"https:\/\/blaivybesmokykla.lt\/wp-content\/uploads\/2021\/12\/Moterys-nusigeria.jpg 562w, https:\/\/blaivybesmokykla.lt\/wp-content\/uploads\/2021\/12\/Moterys-nusigeria-100x59.jpg 100w\" sizes=\"auto, (max-width: 562px) 100vw, 562px\" \/><figcaption>Mokiniai vartoja alkohol\u012f<\/figcaption><\/figure>\n\n\n\n<p>Kaip pastatyti ant gra\u017eaus \u0161ventinio stalo butelius, kuriuose bus pavaizduoti pana\u0161\u016bs \u012fsp\u0117jimai?<\/p>\n\n\n\n<figure class=\"wp-block-gallery columns-2 is-cropped wp-block-gallery-1 is-layout-flex wp-block-gallery-is-layout-flex\"><ul class=\"blocks-gallery-grid\"><li class=\"blocks-gallery-item\"><figure><img loading=\"lazy\" decoding=\"async\" width=\"239\" height=\"640\" src=\"https:\/\/blaivybesmokykla.lt\/wp-content\/uploads\/2021\/12\/Butelis-su-baisiu-lypduku.jpg\" alt=\"\" data-id=\"1526\" data-link=\"https:\/\/blaivybesmokykla.lt\/?attachment_id=1526\" class=\"wp-image-1526\" srcset=\"https:\/\/blaivybesmokykla.lt\/wp-content\/uploads\/2021\/12\/Butelis-su-baisiu-lypduku.jpg 239w, https:\/\/blaivybesmokykla.lt\/wp-content\/uploads\/2021\/12\/Butelis-su-baisiu-lypduku-37x100.jpg 37w\" sizes=\"auto, (max-width: 239px) 100vw, 239px\" \/><figcaption class=\"blocks-gallery-item__caption\">Fetalinis alkoholio sindromas<\/figcaption><\/figure><\/li><li class=\"blocks-gallery-item\"><figure><img loading=\"lazy\" decoding=\"async\" width=\"239\" height=\"640\" src=\"https:\/\/blaivybesmokykla.lt\/wp-content\/uploads\/2021\/12\/Butelis-su-baisiu-lypduku1.png\" alt=\"\" data-id=\"1531\" data-full-url=\"https:\/\/blaivybesmokykla.lt\/wp-content\/uploads\/2021\/12\/Butelis-su-baisiu-lypduku1.png\" data-link=\"https:\/\/blaivybesmokykla.lt\/?attachment_id=1531\" class=\"wp-image-1531\" srcset=\"https:\/\/blaivybesmokykla.lt\/wp-content\/uploads\/2021\/12\/Butelis-su-baisiu-lypduku1.png 239w, https:\/\/blaivybesmokykla.lt\/wp-content\/uploads\/2021\/12\/Butelis-su-baisiu-lypduku1-112x300.png 112w, https:\/\/blaivybesmokykla.lt\/wp-content\/uploads\/2021\/12\/Butelis-su-baisiu-lypduku1-56x150.png 56w, https:\/\/blaivybesmokykla.lt\/wp-content\/uploads\/2021\/12\/Butelis-su-baisiu-lypduku1-24x65.png 24w, https:\/\/blaivybesmokykla.lt\/wp-content\/uploads\/2021\/12\/Butelis-su-baisiu-lypduku1-82x220.png 82w, https:\/\/blaivybesmokykla.lt\/wp-content\/uploads\/2021\/12\/Butelis-su-baisiu-lypduku1-37x100.png 37w, https:\/\/blaivybesmokykla.lt\/wp-content\/uploads\/2021\/12\/Butelis-su-baisiu-lypduku1-149x400.png 149w, https:\/\/blaivybesmokykla.lt\/wp-content\/uploads\/2021\/12\/Butelis-su-baisiu-lypduku1-168x450.png 168w, https:\/\/blaivybesmokykla.lt\/wp-content\/uploads\/2021\/12\/Butelis-su-baisiu-lypduku1-190x510.png 190w\" sizes=\"auto, (max-width: 239px) 100vw, 239px\" \/><figcaption class=\"blocks-gallery-item__caption\">Kepen\u0173 ciroz\u0117<\/figcaption><\/figure><\/li><\/ul><\/figure>\n\n\n\n<p>Kai paklausiu da\u017eniausiai sako:<\/p>\n\n\n\n<p>&#8211; &nbsp;<em>Ne, tokio vaizdo ant mano \u0161ventinio stalo tikrai nebus.<\/em><\/p>\n\n\n\n<p>&#8211;  <em>Tai k\u0105 darysi, bandysi tuos vaizdus nupl\u0117\u0161ti, gal u\u017eklijuosi kuo nors, o gal perpilsi \u012f kit\u0105 tar\u0105, pavyzd\u017eiui \u012f kok\u012f arbatinuk\u0105?<\/em><\/p>\n\n\n\n<p>&#8211;   <em>Na, ne\u017einau, k\u0105 nors sugalvosiu\u2026<\/em><\/p>\n\n\n\n<p>Puikiai suprantu, kad tokie paveiksliukai tikrai neatsiras ant etanolio gamini\u0173, bent jau artimuoju laiku. Ta\u010diau si\u016blau jums apm\u0105styti t\u0105 reikal\u0105, o dar geriau aptarti tuos klausimus su artimaisiais, arba draugais.\u00a0<\/p>\n\n\n\n<h2 class=\"wp-block-heading\">Pabandykite u\u017eduoti sau ir kitiems pana\u0161ius klausimus:<\/h2>\n\n\n\n<ul class=\"wp-block-list\"><li><strong>Kod\u0117l ant tabako gamini\u0173 \u012fsp\u0117jimai yra privalomi, o ant etanolio g\u0117rim\u0173 ne?<\/strong><\/li><li><strong>Kas atsitiktu, jeigu tokie paveiksl\u0117liai vis d\u0117l to atsirastu &#8211;\u00a0 k\u0105 darytum\u0117te?<\/strong><\/li><li><strong>K\u0105 atsakytum\u0117t smalsiam vaikui, kuris paklaus j\u016bs\u0173: Kod\u0117l vartoji t\u0105 g\u0117rim\u0105, ant kurio pavaizduotas toks baisus dalykas?<\/strong><\/li><\/ul>\n\n\n\n<p>O kaip elgtum\u0117t\u0117s j\u016bs, jei tokie paveiksl\u0117liai atsirastu ant etanolio gamini\u0173? K\u0105 darytum\u0117t \u0161iuo atveju?<\/p>\n\n\n\n<ol class=\"wp-block-list\"><li>Bandy\u010diau atpl\u0117\u0161ti tuos paveiksliukus<\/li><li>U\u017eklijuo\u010diau, arba u\u017etep\u010diau.<\/li><li>Perpilsiu \u012f kit\u0105 tar\u0105.<\/li><li>Neprileisiu vaik\u0173 prie stalo su etanolio gaminiais, o m\u016bs\u0173 tokiais vaizdais nei\u0161g\u0105sdinsi.<\/li><li>Nekreipsiu d\u0117mesio, visi, kas vartoja ir taip puikiai \u017eino kuom rizikuoja.<\/li><li>Man tas klausymas ne aktualus, nes etanolio niekada ir n\u0117 kiek nevartoju.<\/li><li>Para\u0161ykite komentaruose savo variant\u0105.<\/li><\/ol>\n\n\n\n<p><\/p>\n","protected":false},"excerpt":{"rendered":"<p>Visu pirma, gal reik\u0117t\u0173 aptarti &#8211; kod\u0117l taip? Ir \u010dia per daug stengtis ir i\u0161galvoti nieko nereikia. Pa\u017evelkime \u012f analogij\u0105 &#8211; cigare\u010di\u0173 pakel\u012f. Niekas nebando paneigti baisi\u0173 paveiksl\u0117li\u0173 b\u016btinum\u0105 ant tabako produkt\u0173. Visi supranta, kad valstyb\u0117 privalo ispeti r\u016bkalius apie baisias pasekmes.&nbsp; Ant kiek tie paveiksl\u0117liai b\u016bna veiksmingi &#8211; \u010dia antras klausymas.&nbsp; Kai paklausiu r\u016bkaliaus [&hellip;]<\/p>\n","protected":false},"author":1,"featured_media":1535,"parent":0,"menu_order":0,"comment_status":"closed","ping_status":"closed","template":"","meta":{"_exactmetrics_skip_tracking":false,"_exactmetrics_sitenote_active":false,"_exactmetrics_sitenote_note":"","_exactmetrics_sitenote_category":0,"footnotes":""},"class_list":["post-1523","page","type-page","status-publish","has-post-thumbnail","hentry"],"yoast_head":"<!-- This site is optimized with the Yoast SEO plugin v27.5 - https:\/\/yoast.com\/product\/yoast-seo-wordpress\/ -->\n<title>Baisus paveiksl\u0117lis ant butelio - kod\u0117l ne? - Blaivybes Mokykla<\/title>\n<meta name=\"description\" content=\"Kaip pilti \u0161ampan\u0105 jaunaved\u017eiams i\u0161kart susituokus, i\u0161 butelio kuriame bus baisus vaizdas su verkian\u010diais vaikais traukian\u010dias rankytes su u\u017era\u0161u: \u201cMama, paimk mane\" \/>\n<meta name=\"robots\" content=\"index, follow, max-snippet:-1, max-image-preview:large, max-video-preview:-1\" \/>\n<link rel=\"canonical\" href=\"https:\/\/blaivybesmokykla.lt\/index.php\/baisus-paveikslelis-ant-butelio-kodel-ne\/\" \/>\n<meta property=\"og:locale\" content=\"lt_LT\" \/>\n<meta property=\"og:type\" content=\"article\" \/>\n<meta property=\"og:title\" content=\"Baisus paveiksl\u0117lis ant butelio - kod\u0117l ne? - Blaivybes Mokykla\" \/>\n<meta property=\"og:description\" content=\"Kaip pilti \u0161ampan\u0105 jaunaved\u017eiams i\u0161kart susituokus, i\u0161 butelio kuriame bus baisus vaizdas su verkian\u010diais vaikais traukian\u010dias rankytes su u\u017era\u0161u: \u201cMama, paimk mane\" \/>\n<meta property=\"og:url\" content=\"https:\/\/blaivybesmokykla.lt\/index.php\/baisus-paveikslelis-ant-butelio-kodel-ne\/\" \/>\n<meta property=\"og:site_name\" content=\"Blaivybes Mokykla\" \/>\n<meta property=\"og:image\" content=\"https:\/\/blaivybesmokykla.lt\/wp-content\/uploads\/2021\/12\/Butelis-su-baisiu-lypduku1-1.png\" \/>\n\t<meta property=\"og:image:width\" content=\"640\" \/>\n\t<meta property=\"og:image:height\" content=\"239\" \/>\n\t<meta property=\"og:image:type\" content=\"image\/png\" \/>\n<meta name=\"twitter:card\" content=\"summary_large_image\" \/>\n<meta name=\"twitter:label1\" content=\"Est. reading time\" \/>\n\t<meta name=\"twitter:data1\" content=\"4 minut\u0117s\" \/>\n<script type=\"application\/ld+json\" class=\"yoast-schema-graph\">{\"@context\":\"https:\\\/\\\/schema.org\",\"@graph\":[{\"@type\":\"WebPage\",\"@id\":\"https:\\\/\\\/blaivybesmokykla.lt\\\/index.php\\\/baisus-paveikslelis-ant-butelio-kodel-ne\\\/\",\"url\":\"https:\\\/\\\/blaivybesmokykla.lt\\\/index.php\\\/baisus-paveikslelis-ant-butelio-kodel-ne\\\/\",\"name\":\"Baisus paveiksl\u0117lis ant butelio - kod\u0117l ne? - Blaivybes Mokykla\",\"isPartOf\":{\"@id\":\"https:\\\/\\\/blaivybesmokykla.lt\\\/#website\"},\"primaryImageOfPage\":{\"@id\":\"https:\\\/\\\/blaivybesmokykla.lt\\\/index.php\\\/baisus-paveikslelis-ant-butelio-kodel-ne\\\/#primaryimage\"},\"image\":{\"@id\":\"https:\\\/\\\/blaivybesmokykla.lt\\\/index.php\\\/baisus-paveikslelis-ant-butelio-kodel-ne\\\/#primaryimage\"},\"thumbnailUrl\":\"https:\\\/\\\/blaivybesmokykla.lt\\\/wp-content\\\/uploads\\\/2021\\\/12\\\/Butelis-su-baisiu-lypduku1-1.png\",\"datePublished\":\"2021-12-10T08:51:30+00:00\",\"description\":\"Kaip pilti \u0161ampan\u0105 jaunaved\u017eiams i\u0161kart susituokus, i\u0161 butelio kuriame bus baisus vaizdas su verkian\u010diais vaikais traukian\u010dias rankytes su u\u017era\u0161u: \u201cMama, paimk mane\",\"breadcrumb\":{\"@id\":\"https:\\\/\\\/blaivybesmokykla.lt\\\/index.php\\\/baisus-paveikslelis-ant-butelio-kodel-ne\\\/#breadcrumb\"},\"inLanguage\":\"lt-LT\",\"potentialAction\":[{\"@type\":\"ReadAction\",\"target\":[\"https:\\\/\\\/blaivybesmokykla.lt\\\/index.php\\\/baisus-paveikslelis-ant-butelio-kodel-ne\\\/\"]}]},{\"@type\":\"ImageObject\",\"inLanguage\":\"lt-LT\",\"@id\":\"https:\\\/\\\/blaivybesmokykla.lt\\\/index.php\\\/baisus-paveikslelis-ant-butelio-kodel-ne\\\/#primaryimage\",\"url\":\"https:\\\/\\\/blaivybesmokykla.lt\\\/wp-content\\\/uploads\\\/2021\\\/12\\\/Butelis-su-baisiu-lypduku1-1.png\",\"contentUrl\":\"https:\\\/\\\/blaivybesmokykla.lt\\\/wp-content\\\/uploads\\\/2021\\\/12\\\/Butelis-su-baisiu-lypduku1-1.png\",\"width\":640,\"height\":239},{\"@type\":\"BreadcrumbList\",\"@id\":\"https:\\\/\\\/blaivybesmokykla.lt\\\/index.php\\\/baisus-paveikslelis-ant-butelio-kodel-ne\\\/#breadcrumb\",\"itemListElement\":[{\"@type\":\"ListItem\",\"position\":1,\"name\":\"Home\",\"item\":\"https:\\\/\\\/blaivybesmokykla.lt\\\/\"},{\"@type\":\"ListItem\",\"position\":2,\"name\":\"Baisus paveiksl\u0117lis ant butelio &#8211; kod\u0117l ne?\"}]},{\"@type\":\"WebSite\",\"@id\":\"https:\\\/\\\/blaivybesmokykla.lt\\\/#website\",\"url\":\"https:\\\/\\\/blaivybesmokykla.lt\\\/\",\"name\":\"Blaivybes Mokykla\",\"description\":\"Kaip lengvai mesti gerti ir r\u016bkyti - atsikratymas alkoholizmo ir r\u016bkymo\",\"potentialAction\":[{\"@type\":\"SearchAction\",\"target\":{\"@type\":\"EntryPoint\",\"urlTemplate\":\"https:\\\/\\\/blaivybesmokykla.lt\\\/?s={search_term_string}\"},\"query-input\":{\"@type\":\"PropertyValueSpecification\",\"valueRequired\":true,\"valueName\":\"search_term_string\"}}],\"inLanguage\":\"lt-LT\"}]}<\/script>\n<!-- \/ Yoast SEO plugin. -->","yoast_head_json":{"title":"Baisus paveiksl\u0117lis ant butelio - kod\u0117l ne? - Blaivybes Mokykla","description":"Kaip pilti \u0161ampan\u0105 jaunaved\u017eiams i\u0161kart susituokus, i\u0161 butelio kuriame bus baisus vaizdas su verkian\u010diais vaikais traukian\u010dias rankytes su u\u017era\u0161u: \u201cMama, paimk mane","robots":{"index":"index","follow":"follow","max-snippet":"max-snippet:-1","max-image-preview":"max-image-preview:large","max-video-preview":"max-video-preview:-1"},"canonical":"https:\/\/blaivybesmokykla.lt\/index.php\/baisus-paveikslelis-ant-butelio-kodel-ne\/","og_locale":"lt_LT","og_type":"article","og_title":"Baisus paveiksl\u0117lis ant butelio - kod\u0117l ne? - Blaivybes Mokykla","og_description":"Kaip pilti \u0161ampan\u0105 jaunaved\u017eiams i\u0161kart susituokus, i\u0161 butelio kuriame bus baisus vaizdas su verkian\u010diais vaikais traukian\u010dias rankytes su u\u017era\u0161u: \u201cMama, paimk mane","og_url":"https:\/\/blaivybesmokykla.lt\/index.php\/baisus-paveikslelis-ant-butelio-kodel-ne\/","og_site_name":"Blaivybes Mokykla","og_image":[{"width":640,"height":239,"url":"https:\/\/blaivybesmokykla.lt\/wp-content\/uploads\/2021\/12\/Butelis-su-baisiu-lypduku1-1.png","type":"image\/png"}],"twitter_card":"summary_large_image","twitter_misc":{"Est. reading time":"4 minut\u0117s"},"schema":{"@context":"https:\/\/schema.org","@graph":[{"@type":"WebPage","@id":"https:\/\/blaivybesmokykla.lt\/index.php\/baisus-paveikslelis-ant-butelio-kodel-ne\/","url":"https:\/\/blaivybesmokykla.lt\/index.php\/baisus-paveikslelis-ant-butelio-kodel-ne\/","name":"Baisus paveiksl\u0117lis ant butelio - kod\u0117l ne? - Blaivybes Mokykla","isPartOf":{"@id":"https:\/\/blaivybesmokykla.lt\/#website"},"primaryImageOfPage":{"@id":"https:\/\/blaivybesmokykla.lt\/index.php\/baisus-paveikslelis-ant-butelio-kodel-ne\/#primaryimage"},"image":{"@id":"https:\/\/blaivybesmokykla.lt\/index.php\/baisus-paveikslelis-ant-butelio-kodel-ne\/#primaryimage"},"thumbnailUrl":"https:\/\/blaivybesmokykla.lt\/wp-content\/uploads\/2021\/12\/Butelis-su-baisiu-lypduku1-1.png","datePublished":"2021-12-10T08:51:30+00:00","description":"Kaip pilti \u0161ampan\u0105 jaunaved\u017eiams i\u0161kart susituokus, i\u0161 butelio kuriame bus baisus vaizdas su verkian\u010diais vaikais traukian\u010dias rankytes su u\u017era\u0161u: \u201cMama, paimk mane","breadcrumb":{"@id":"https:\/\/blaivybesmokykla.lt\/index.php\/baisus-paveikslelis-ant-butelio-kodel-ne\/#breadcrumb"},"inLanguage":"lt-LT","potentialAction":[{"@type":"ReadAction","target":["https:\/\/blaivybesmokykla.lt\/index.php\/baisus-paveikslelis-ant-butelio-kodel-ne\/"]}]},{"@type":"ImageObject","inLanguage":"lt-LT","@id":"https:\/\/blaivybesmokykla.lt\/index.php\/baisus-paveikslelis-ant-butelio-kodel-ne\/#primaryimage","url":"https:\/\/blaivybesmokykla.lt\/wp-content\/uploads\/2021\/12\/Butelis-su-baisiu-lypduku1-1.png","contentUrl":"https:\/\/blaivybesmokykla.lt\/wp-content\/uploads\/2021\/12\/Butelis-su-baisiu-lypduku1-1.png","width":640,"height":239},{"@type":"BreadcrumbList","@id":"https:\/\/blaivybesmokykla.lt\/index.php\/baisus-paveikslelis-ant-butelio-kodel-ne\/#breadcrumb","itemListElement":[{"@type":"ListItem","position":1,"name":"Home","item":"https:\/\/blaivybesmokykla.lt\/"},{"@type":"ListItem","position":2,"name":"Baisus paveiksl\u0117lis ant butelio &#8211; kod\u0117l ne?"}]},{"@type":"WebSite","@id":"https:\/\/blaivybesmokykla.lt\/#website","url":"https:\/\/blaivybesmokykla.lt\/","name":"Blaivybes Mokykla","description":"Kaip lengvai mesti gerti ir r\u016bkyti - atsikratymas alkoholizmo ir r\u016bkymo","potentialAction":[{"@type":"SearchAction","target":{"@type":"EntryPoint","urlTemplate":"https:\/\/blaivybesmokykla.lt\/?s={search_term_string}"},"query-input":{"@type":"PropertyValueSpecification","valueRequired":true,"valueName":"search_term_string"}}],"inLanguage":"lt-LT"}]}},"_links":{"self":[{"href":"https:\/\/blaivybesmokykla.lt\/index.php\/wp-json\/wp\/v2\/pages\/1523","targetHints":{"allow":["GET"]}}],"collection":[{"href":"https:\/\/blaivybesmokykla.lt\/index.php\/wp-json\/wp\/v2\/pages"}],"about":[{"href":"https:\/\/blaivybesmokykla.lt\/index.php\/wp-json\/wp\/v2\/types\/page"}],"author":[{"embeddable":true,"href":"https:\/\/blaivybesmokykla.lt\/index.php\/wp-json\/wp\/v2\/users\/1"}],"replies":[{"embeddable":true,"href":"https:\/\/blaivybesmokykla.lt\/index.php\/wp-json\/wp\/v2\/comments?post=1523"}],"version-history":[{"count":5,"href":"https:\/\/blaivybesmokykla.lt\/index.php\/wp-json\/wp\/v2\/pages\/1523\/revisions"}],"predecessor-version":[{"id":1536,"href":"https:\/\/blaivybesmokykla.lt\/index.php\/wp-json\/wp\/v2\/pages\/1523\/revisions\/1536"}],"wp:featuredmedia":[{"embeddable":true,"href":"https:\/\/blaivybesmokykla.lt\/index.php\/wp-json\/wp\/v2\/media\/1535"}],"wp:attachment":[{"href":"https:\/\/blaivybesmokykla.lt\/index.php\/wp-json\/wp\/v2\/media?parent=1523"}],"curies":[{"name":"wp","href":"https:\/\/api.w.org\/{rel}","templated":true}]}}